{"id":167,"date":"2016-10-05T11:41:04","date_gmt":"2016-10-05T09:41:04","guid":{"rendered":"http:\/\/jpegclub.org\/reference\/?page_id=167"},"modified":"2016-10-06T19:49:18","modified_gmt":"2016-10-06T17:49:18","slug":"conference-program","status":"publish","type":"page","link":"https:\/\/jpegclub.org\/reference\/conference-program\/","title":{"rendered":"Conference program"},"content":{"rendered":"<h3>Conference \u201cJPEG \u2013 continuity and innovation\u201d<\/h3>\n<p>&nbsp;<\/p>\n<p><strong>Venue: <\/strong>Leipzig University, Augustusplatz 10, Paulinum, Room P702<br \/>\n04109 Leipzig<br \/>\nGermany<br \/>\nOctober 07th, 2016<\/p>\n<h4>Program<\/h4>\n<p>Download the German version as PDF for printout: <a href=\"http:\/\/jpegclub.org\/reference\/wp-content\/uploads\/2016\/10\/Konferenzplan_JPEG-Jubilaeum.pdf\">konferenzplan_jpeg-jubilaeum<\/a><\/p>\n<p><em><strong>09:00 &#8211; 09:30:<\/strong> <\/em>Welcoming of the participants, introductory remarks by Lars G\u00f6hler, moderator.<\/p>\n<h4>Session: JPEG \u2013 technical topics, programming, architecture, features<\/h4>\n<p><em><strong><br \/>\n09:30 &#8211; 10:30:<\/strong><\/em> presentation of <strong>Guido Vollbeding<\/strong>\u00a0 and discussion: <em>Digital Image Representation<\/em><\/p>\n<p style=\"padding-left: 30px;\">Abstract: The four fundamental properties of image representation by usage of the DCT (Discrete Cosine Transform) are introduced. These properties are essential for understanding the success of this approach and the flop of other attempts which do not align to them. The JPEG process realizes these properties and thus ideally satisfies the basic requirements of an image coding standard. The basic structure of the JPEG process is shown and the individual processing steps are described. Advanced JPEG functions, which gradually find use in applications, are communicated, especially arithmetic coding, lossless compression, SmartScale and extended color representation. Prospects for future developments are given.<\/p>\n<p style=\"padding-left: 30px;\"><strong><img loading=\"lazy\" decoding=\"async\" class=\"alignleft size-full wp-image-188\" src=\"http:\/\/jpegclub.org\/reference\/wp-content\/uploads\/2016\/10\/Passbild_Guido_Vollbeding.jpg\" alt=\"Guido Vollbeding\" width=\"136\" height=\"170\" \/>Guido Vollbeding<\/strong> is organizer of the Independent JPEG Group and developer of libjpeg<\/p>\n<p style=\"padding-left: 30px; padding-top: 20px; clear: both;\"><em>Short bio:<\/em><\/p>\n<ul>\n<li>Study mathematics and information technology, focus on harmonic functions and cross-platform computer graphics<\/li>\n<li>Work in several ventures on the field of image processing<\/li>\n<li>Independent author and developer<\/li>\n<li>Organizer of the \u201cIndependent JPEG Group\u201d (since 2005), JPEG reference software<\/li>\n<\/ul>\n<p>&nbsp;<\/p>\n<h4>Session: JPEG \u2013 history: continuity and innovation<\/h4>\n<p><em><strong><br \/>\n10:45 &#8211; 12:00:<\/strong><\/em> presentation of <strong>Istv\u00e1n Sebesty\u00e9n<\/strong> and discussion: <em>History of JPEG Standardization<\/em><\/p>\n<p style=\"padding-left: 30px;\">Abstract: The presentation is one in the series of \u201cmemorial\u201d presentations about JPEG still image compression standardization. It highlights the right timing of JPEG and lists some reasons for its great success. Because of the 25 years jubilee of the IJG open source code release it concentrates on the early relation between the JPEG Standard and the IJG Open Source implementation, and reviews the impact of patents and SDO patent policies on the early JPEG standardization.<\/p>\n<p style=\"padding-left: 30px;\"><strong><img loading=\"lazy\" decoding=\"async\" class=\"alignleft size-thumbnail wp-image-193\" src=\"http:\/\/jpegclub.org\/reference\/wp-content\/uploads\/2016\/10\/Istvan_sebestyen-150x150.jpg\" alt=\"Dr. Istv\u00e1n Sebesty\u00e9n\" width=\"150\" height=\"150\" srcset=\"https:\/\/jpegclub.org\/reference\/wp-content\/uploads\/2016\/10\/Istvan_sebestyen-150x150.jpg 150w, https:\/\/jpegclub.org\/reference\/wp-content\/uploads\/2016\/10\/Istvan_sebestyen-250x250.jpg 250w\" sizes=\"auto, (max-width: 150px) 100vw, 150px\" \/>Dr. Istv\u00e1n Sebesty\u00e9n<\/strong> has been Secretary General of Ecma International in Geneva since 2007. Before joining Ecma he has been Director of Standards in Siemens, Munich for 21 years, mostly in the areas of telecommunication terminals and protocols, multimedia and enterprise networks. He has been doing standardization for more than 30 years in various SDO and Fora, like ITU, ISO, ETSI, DIN, IMTC, where he has hold several leading positions. He was one of the founding members of JPEG in 1986. He was &#8211; between 1987 and 2000 &#8211; on the CCITT (later ITU-T side) the Special Rapporteur responsible for the JPEG standardization. For over 20 years he has been also lecturing at the University of Klagenfurt in Austria and the Technical University of Graz. \u00a0Before that between 1978-1984 he has been Research Scholar at the International Institute for Applied Systems Analysis in Laxenburg, Austria and was involved in early international computer networking projects and many interdisciplinary ICT technology related studies.<\/p>\n<p><em><strong>12:00 &#8211; 13:00:<\/strong><\/em> Lunch Break<\/p>\n<p><em><strong>13:00 &#8211; 14:30:<\/strong><\/em> Workshop: <em>Future of the JPEG standard and the Independent JPEG Group<\/em>. Introductory presentation of <strong>Guido Vollbeding<\/strong> on new features of the JPEG format.<\/p>\n<h4>Session: JPEG \u2013 application in industry and software production<\/h4>\n<p><em><strong><br \/>\n15:00 &#8211; 16:00: <\/strong><\/em>presentation of <strong>Michael Stepping <\/strong>and discusssion: <em>Use of the JPEG format at the Mobile Video Platform<\/em> (Einsatz des JPEG Formates bei der Mobile Video Plattform)<\/p>\n<p style=\"padding-left: 30px;\"><em>German abstract<\/em>: Die Mobile Video Plattform \u00fcbertragt Live-Video-Streams in den Formaten H.264\/AVC, H.265\/HEVC, MP4 von \u00fcberall auf das Handy und umgekehrt. Welche Rolle spielt dabei das JPEG, ein Stillbildformat? Das JPEG \u00fcbernimmt die Rolle des formatunabh\u00e4ngigen und zeitunabh\u00e4ngigen Transfers von Bildern aus verschiedensten Quellen in sehr guter Qualit\u00e4t. Dies ist aber auch verbunden mit hohen Bitraten bei der \u00dcbertragung von vielen Einzelbildern in schneller Folge.<\/p>\n<p style=\"padding-left: 30px;\">Sowohl IP-\u00dcberwachungskameras als auch Customer Plattformen liefern JPEGs, die sich in schneller Reihenfolge geliefert, dann in Videostreams gem\u00e4\u00df dem aktuellen Stand der Technik \u00fcberf\u00fchren lassen. Damit k\u00f6nnen auch alte, installierte Kameras die neuen, aktuellen Videocodiertechniken beliefern, ohne dass Umr\u00fcstungen der Hardware notwendig werden.<\/p>\n<p style=\"padding-left: 30px;\"><strong><img loading=\"lazy\" decoding=\"async\" class=\"alignleft size-thumbnail wp-image-194\" src=\"http:\/\/jpegclub.org\/reference\/wp-content\/uploads\/2016\/10\/michael_stepping-100x150.jpg\" alt=\"Prof. Dr. Michael Stepping\" width=\"100\" height=\"150\" srcset=\"https:\/\/jpegclub.org\/reference\/wp-content\/uploads\/2016\/10\/michael_stepping-100x150.jpg 100w, https:\/\/jpegclub.org\/reference\/wp-content\/uploads\/2016\/10\/michael_stepping.jpg 133w\" sizes=\"auto, (max-width: 100px) 100vw, 100px\" \/>Michael Stepping<\/strong> is Professor for Mobile Software Development at the <em>University of Applied Sciences Hof<\/em> and CEO of <em>avinotec GmbH<\/em> (<a href=\"http:\/\/www.avinotec.de\">www.avinotec.de<\/a>).<\/p>\n<p style=\"padding-left: 30px;\"><em>German bio<\/em>: Nach Studium der Elektrotechnik an der Universit\u00e4t Siegen arbeitete Michael Stepping im Bereich der Software-Entwicklung f\u00fcr die Automatisierungsindustrie und Telefonanlagen. 1997 wechselte Herr Stepping an die FernUniversit\u00e4t Hagen um dort bei der Arbeitsgruppe MPEG im Bereich Streaming und Videoverarbeitung mitzuarbeiten.<br \/>\n2004 wurde er mit dem Thema &#8220;Ein Beitrag zu MPEG-4 Broadcast&#8221; promoviert und gr\u00fcndete 2005 die avinotec GmbH, die sich mit Live-Video-Streaming von und zu mobilen Endger\u00e4ten befasst.<br \/>\nMit der Beginn von App-Entwicklungen bekam er 2014 den Ruf an die Hochschule f\u00fcr Angewandte Wissenschaften in Hof ( Bayern ) und betreut dort das Lehrgebiet Mobile Software Development im Studiengang Mobile Computing.<\/p>\n","protected":false},"excerpt":{"rendered":"<p>Conference \u201cJPEG \u2013 continuity and innovation\u201d &nbsp; Venue: Leipzig University, Augustusplatz 10, Paulinum, Room P702 04109 Leipzig Germany October 07th, 2016 Program Download the German version as PDF for printout: konferenzplan_jpeg-jubilaeum 09:00 &#8211; 09:30: Welcoming of the participants, introductory remarks by Lars G\u00f6hler, moderator. Session: JPEG \u2013 technical topics, programming, architecture, features 09:30 &#8211; 10:30: presentation of Guido Vollbeding\u00a0 and discussion: Digital Image Representation Abstract: The four fundamental properties of<\/p>\n","protected":false},"author":1,"featured_media":0,"parent":0,"menu_order":0,"comment_status":"closed","ping_status":"closed","template":"","meta":{"footnotes":""},"class_list":["entry","author-lgoehler","post-167","page","type-page","status-publish","clearfix"],"_links":{"self":[{"href":"https:\/\/jpegclub.org\/reference\/wp-json\/wp\/v2\/pages\/167","targetHints":{"allow":["GET"]}}],"collection":[{"href":"https:\/\/jpegclub.org\/reference\/wp-json\/wp\/v2\/pages"}],"about":[{"href":"https:\/\/jpegclub.org\/reference\/wp-json\/wp\/v2\/types\/page"}],"author":[{"embeddable":true,"href":"https:\/\/jpegclub.org\/reference\/wp-json\/wp\/v2\/users\/1"}],"replies":[{"embeddable":true,"href":"https:\/\/jpegclub.org\/reference\/wp-json\/wp\/v2\/comments?post=167"}],"version-history":[{"count":29,"href":"https:\/\/jpegclub.org\/reference\/wp-json\/wp\/v2\/pages\/167\/revisions"}],"predecessor-version":[{"id":206,"href":"https:\/\/jpegclub.org\/reference\/wp-json\/wp\/v2\/pages\/167\/revisions\/206"}],"wp:attachment":[{"href":"https:\/\/jpegclub.org\/reference\/wp-json\/wp\/v2\/media?parent=167"}],"curies":[{"name":"wp","href":"https:\/\/api.w.org\/{rel}","templated":true}]}}